{"id":3241,"date":"2021-09-21T11:08:56","date_gmt":"2021-09-21T09:08:56","guid":{"rendered":"https:\/\/www.bcc-ffm.de\/?page_id=3241"},"modified":"2021-09-21T15:19:18","modified_gmt":"2021-09-21T13:19:18","slug":"driving-sustainability","status":"publish","type":"page","link":"https:\/\/www.bcc-ffm.de\/en\/competencies\/driving-sustainability\/","title":{"rendered":"Driving sustainability"},"content":{"rendered":"<section class=\"l-section wpb_row us_custom_b91424ac height_large\"><div class=\"l-section-h i-cf\"><div class=\"g-cols vc_row via_flex valign_top type_default stacking_default\"><div class=\"vc_col-sm-2 wpb_column vc_column_container us_animate_fade\" style=\"animation-delay:0.2s\"><div class=\"vc_column-inner\"><div class=\"wpb_wrapper\"><div class=\"w-separator size_custom\" style=\"height:1px\"><\/div><\/div><\/div><\/div><div class=\"vc_col-sm-8 wpb_column vc_column_container\"><div class=\"vc_column-inner\"><div class=\"wpb_wrapper\"><div class=\"w-separator size_custom\" style=\"height:40vw\"><\/div><div class=\"g-cols wpb_row us_custom_caf5a872 via_flex valign_top type_default stacking_default\"><div class=\"vc_col-sm-12 wpb_column vc_column_container\"><div class=\"vc_column-inner\"><div class=\"wpb_wrapper\"><div class=\"w-separator size_custom\" style=\"height:1vw\"><\/div><div class=\"wpb_text_column\"><div class=\"wpb_wrapper\"><p class=\"bcc-kt\" style=\"text-align: center;\">Driving sustainability<\/p>\n<h1 class=\"font-caps\" style=\"text-align: center;\"><span class=\"font-200\">FIGURES CHANGE.<\/span> <span class=\"font-800\">VALUES REMAIN.<\/span><\/h1>\n<\/div><\/div><div class=\"w-separator size_custom\" style=\"height:2vw\"><\/div><div class=\"wpb_text_column\"><div class=\"wpb_wrapper\"><p class=\"bcc-initial\">\u201cSustainability\u201d is one of those words that you would like to take and give a good dusting off. The inflationary use of this term, which is actually so valuable, turns it into a label now even applied to plastic devices. At BCC we focus on its valuable core: that companies not only want to provide economic, but environmental and social benefits as well \u2013 something that is also expected. Customers and the public at large demand a comprehensive assessment of a business\u2019s activities.<\/p>\n<p>We assist companies from a broad range of sectors in drawing up this balance sheet and improving it bit by bit. We help you conduct the materiality analysis among your stakeholders and write the reports. Of course, we can also fully assume these jobs on your behalf.<\/p>\n<\/div><\/div><\/div><\/div><\/div><\/div><\/div><\/div><\/div><div class=\"vc_col-sm-2 wpb_column vc_column_container\"><div class=\"vc_column-inner\"><div class=\"wpb_wrapper\"><div class=\"w-separator size_custom\" style=\"height:1px\"><\/div><\/div><\/div><\/div><\/div><\/div><\/section><!-- Row Backgrounds --><div class=\"upb_bg_img\" data-ultimate-bg=\"url(https:\/\/www.bcc-ffm.de\/wp-content\/uploads\/2017\/05\/visual-nachhaltigkeit-1.jpg)\" data-image-id=\"id^1214|url^http:\/\/www.bcc-ffm.de\/wp-content\/uploads\/2017\/05\/visual-nachhaltigkeit-1.jpg|caption^null|alt^null|title^visual-nachhaltigkeit-1|description^null\" data-ultimate-bg-style=\"vcpb-vz-jquery\" data-bg-img-repeat=\"no-repeat\" data-bg-img-size=\"contain\" data-bg-img-position=\"\" data-parallx_sense=\"30\" data-bg-override=\"0\" data-bg_img_attach=\"scroll\" data-upb-overlay-color=\"\" data-upb-bg-animation=\"\" data-fadeout=\"\" data-bg-animation=\"left-animation\" data-bg-animation-type=\"h\" data-animation-repeat=\"repeat\" data-fadeout-percentage=\"30\" data-parallax-content=\"\" data-parallax-content-sense=\"30\" data-row-effect-mobile-disable=\"true\" data-img-parallax-mobile-disable=\"true\" data-rtl=\"false\"  data-custom-vc-row=\"\"  data-vc=\"8.7.2\"  data-is_old_vc=\"\"  data-theme-support=\"\"   data-overlay=\"false\" data-overlay-color=\"\" data-overlay-pattern=\"\" data-overlay-pattern-opacity=\"\" data-overlay-pattern-size=\"\"    ><\/div><section class=\"l-section wpb_row height_auto with_img parallax_ver\"><div class=\"l-section-img\" role=\"img\" aria-label=\"Image\" data-img-width=\"2000\" data-img-height=\"2043\" style=\"background-image: url(https:\/\/www.bcc-ffm.de\/wp-content\/uploads\/2017\/05\/papierpakete.jpg);background-position: bottom center;background-repeat: no-repeat;\"><\/div><div class=\"l-section-h i-cf\"><div class=\"g-cols vc_row via_flex valign_top type_default stacking_default\"><div class=\"vc_col-sm-2 wpb_column vc_column_container us_animate_fade\" style=\"animation-delay:0.2s\"><div class=\"vc_column-inner\"><div class=\"wpb_wrapper\"><\/div><\/div><\/div><div class=\"vc_col-sm-8 wpb_column vc_column_container\"><div class=\"vc_column-inner\"><div class=\"wpb_wrapper\"><div class=\"g-cols wpb_row us_custom_819cf9a8 via_flex valign_top type_default stacking_default\"><div class=\"vc_col-sm-12 wpb_column vc_column_container\"><div class=\"vc_column-inner\"><div class=\"wpb_wrapper\"><div class=\"wpb_text_column\"><div class=\"wpb_wrapper\"><p class=\"bcc-initial\">We help companies that do not yet have any sustainability management to develop and implement a customised management system \u2013 on the organisational and the technical side. To do so, we also use DIN 26.000, for which we, together with the auditing company Soci\u00e9t\u00e9 G\u00e9n\u00e9rale de Surveillance, have developed components for implementing sustainability in businesses, including training staff. We believe that hardly any company has to create a sustainability management system from scratch. Quality, safety and\/or environmental management systems are often already in place. They can be integrated and cost-efficiently managed.<\/p>\n<p>Sustainability in business is no luxury. Properly understood, sustainability is an innovation driver.\u00a0 It has the power to renew and expand business models. That makes it a driver of change.<\/p>\n<\/div><\/div><\/div><\/div><\/div><\/div><div class=\"w-separator size_custom\" style=\"height:50vh\"><\/div><\/div><\/div><\/div><div class=\"vc_col-sm-2 wpb_column vc_column_container\"><div class=\"vc_column-inner\"><div class=\"wpb_wrapper\"><\/div><\/div><\/div><\/div><\/div><\/section><section class=\"l-section wpb_row height_small color_alternate\"><div class=\"l-section-h i-cf\"><div class=\"g-cols vc_row via_flex valign_top type_default stacking_default\"><div class=\"vc_col-sm-12 wpb_column vc_column_container us_animate_fade\"><div class=\"vc_column-inner\"><div class=\"wpb_wrapper\"><div class=\"g-cols wpb_row us_custom_70facfb4 via_flex valign_top type_default stacking_default\"><div class=\"vc_col-sm-6 wpb_column vc_column_container\"><div class=\"vc_column-inner\"><div class=\"wpb_wrapper\"><div class=\"w-flipbox animation_cardflip direction_w\"><div class=\"w-flipbox-h easing_ease\" style=\"transition-duration:0.5s;\"><div class=\"w-flipbox-hh\"><div class=\"w-flipbox-front us_custom_c8b2356a\" style=\"background:#ffffff;background-image:url(https:\/\/www.bcc-ffm.de\/wp-content\/uploads\/2018\/10\/leistungskacheln-climate-action.jpg);\"><div class=\"w-flipbox-front-h\"><h4 class=\"w-flipbox-front-title\">Climate strategy<\/h4><\/div><\/div><div class=\"w-flipbox-back us_custom_c8b2356a\" style=\"display:none;background:#ffffff;\"><div class=\"w-flipbox-back-h\"><h4 class=\"w-flipbox-back-title\">Climate strategy<\/h4><div class=\"w-flipbox-back-desc\"><p>Climate change is one of the greatest challenges of our time. Its consequences extend to all domains of life, every household, every company, every region. It demands societal transformation towards a low-carbon economy. Our aim is to show private organisations the opportunities and scope for action available, and to assist them in sustainably anchoring climate action \u2013 effectively and credibly.<\/p>\n<\/div><\/div><\/div><\/div><\/div><\/div><\/div><\/div><\/div><div class=\"vc_col-sm-6 wpb_column vc_column_container\"><div class=\"vc_column-inner\"><div class=\"wpb_wrapper\"><div class=\"w-flipbox animation_cardflip direction_w\"><div class=\"w-flipbox-h easing_ease\" style=\"transition-duration:0.5s;\"><div class=\"w-flipbox-hh\"><div class=\"w-flipbox-front us_custom_c8b2356a\" style=\"background:#ffffff;background-image:url(https:\/\/www.bcc-ffm.de\/wp-content\/uploads\/2021\/09\/leistungskacheln-kriesen.jpg);\"><div class=\"w-flipbox-front-h\"><h4 class=\"w-flipbox-front-title\">Management system<\/h4><\/div><\/div><div class=\"w-flipbox-back us_custom_c8b2356a\" style=\"display:none;background:#ffffff;\"><div class=\"w-flipbox-back-h\"><h4 class=\"w-flipbox-back-title\">Values steer processes, not the other way round.<\/h4><div class=\"w-flipbox-back-desc\"><p>Sustainability, properly understood and implemented, is a value driver and an investment in a company\u2019s license to operate and its competitiveness.<br \/>\nIntegrating environmental, social and governance (ESG) aspects into management processes enables risks to be better controlled, customer requirements to be met, costs reduced and new business areas tapped.<\/p>\n<\/div><\/div><\/div><\/div><\/div><\/div><\/div><\/div><\/div><\/div><div class=\"g-cols wpb_row us_custom_70facfb4 via_flex valign_top type_default stacking_default\"><div class=\"vc_col-sm-6 wpb_column vc_column_container\"><div class=\"vc_column-inner\"><div class=\"wpb_wrapper\"><div class=\"w-flipbox animation_cardflip direction_w\"><div class=\"w-flipbox-h easing_ease\" style=\"transition-duration:0.5s;\"><div class=\"w-flipbox-hh\"><div class=\"w-flipbox-front us_custom_c8b2356a\" style=\"background:#ffffff;background-image:url(https:\/\/www.bcc-ffm.de\/wp-content\/uploads\/2017\/06\/leistungskacheln-nachhaltigkeitsreporting.jpg);\"><div class=\"w-flipbox-front-h\"><h4 class=\"w-flipbox-front-title\">Reporting<\/h4><\/div><\/div><div class=\"w-flipbox-back us_custom_c8b2356a\" style=\"display:none;background:#ffffff;\"><div class=\"w-flipbox-back-h\"><h4 class=\"w-flipbox-back-title\">Reporting<\/h4><div class=\"w-flipbox-back-desc\"><p>More and more companies are providing information on how they develop sustainable values for society \u2013 in their core business and beyond. Why are they doing this? Because they have understood that information on profit performance and jobs does not answer all questions. Because customers, business partners, regulators and stakeholders demand more answers than ever before.<\/p>\n<\/div><\/div><\/div><\/div><\/div><\/div><\/div><\/div><\/div><div class=\"vc_col-sm-6 wpb_column vc_column_container\"><div class=\"vc_column-inner\"><div class=\"wpb_wrapper\"><div class=\"w-flipbox animation_cardflip direction_w\"><div class=\"w-flipbox-h easing_ease\" style=\"transition-duration:0.5s;\"><div class=\"w-flipbox-hh\"><div class=\"w-flipbox-front us_custom_c8b2356a\" style=\"background:#ffffff;background-image:url(https:\/\/www.bcc-ffm.de\/wp-content\/uploads\/2018\/10\/leistungskacheln-wesentlichkeitsanalyse.jpg);\"><div class=\"w-flipbox-front-h\"><h4 class=\"w-flipbox-front-title\">Materiality analysis<\/h4><\/div><\/div><div class=\"w-flipbox-back us_custom_c8b2356a\" style=\"display:none;background:#ffffff;\"><div class=\"w-flipbox-back-h\"><h4 class=\"w-flipbox-back-title\">No finger exercises \u2013 unlocking potential.<\/h4><div class=\"w-flipbox-back-desc\"><p>Business has an impact on the environment and it is impacted by the environment. But which issues matter the most for entrepreneurial business activities is always a question of perspective as well. A materiality analysis is an attempt to embrace these different perspectives and bring them together.<\/p>\n<\/div><\/div><\/div><\/div><\/div><\/div><\/div><\/div><\/div><\/div><\/div><\/div><\/div><\/div><\/div><\/section>\n<div class=\"shariff\"><ul class=\"shariff-buttons theme-default orientation-horizontal buttonsize-medium\"><li class=\"shariff-button mastodon shariff-nocustomcolor\" style=\"background-color:#563ACC\"><a href=\"https:\/\/s2f.kytta.dev\/?text=Driving%20sustainability https%3A%2F%2Fwww.bcc-ffm.de%2Fen%2Fcompetencies%2Fdriving-sustainability%2F\" title=\"Share on Mastodon\" aria-label=\"Share on Mastodon\" role=\"button\" rel=\"noopener nofollow\" class=\"shariff-link\" style=\"; background-color:#6364FF; color:#fff\" target=\"_blank\"><span class=\"shariff-icon\" style=\"\"><svg width=\"75\" height=\"79\" viewBox=\"0 0 75 79\" fill=\"none\" xmlns=\"http:\/\/www.w3.org\/2000\/svg\"><path d=\"M37.813-.025C32.462-.058 27.114.13 21.79.598c-8.544.621-17.214 5.58-20.203 13.931C-1.12 23.318.408 32.622.465 41.65c.375 7.316.943 14.78 3.392 21.73 4.365 9.465 14.781 14.537 24.782 15.385 7.64.698 15.761-.213 22.517-4.026a54.1 54.1 0 0 0 .01-6.232c-6.855 1.316-14.101 2.609-21.049 1.074-3.883-.88-6.876-4.237-7.25-8.215-1.53-3.988 3.78-.43 5.584-.883 9.048 1.224 18.282.776 27.303-.462 7.044-.837 14.26-4.788 16.65-11.833 2.263-6.135 1.215-12.79 1.698-19.177.06-3.84.09-7.692-.262-11.52C72.596 7.844 63.223.981 53.834.684a219.453 219.453 0 0 0-16.022-.71zm11.294 12.882c5.5-.067 10.801 4.143 11.67 9.653.338 1.48.471 3 .471 4.515v21.088h-8.357c-.07-7.588.153-15.182-.131-22.765-.587-4.368-7.04-5.747-9.672-2.397-2.422 3.04-1.47 7.155-1.67 10.735v6.392h-8.307c-.146-4.996.359-10.045-.404-15.002-1.108-4.218-7.809-5.565-10.094-1.666-1.685 3.046-.712 6.634-.976 9.936v14.767h-8.354c.109-8.165-.238-16.344.215-24.5.674-5.346 5.095-10.389 10.676-10.627 4.902-.739 10.103 2.038 12.053 6.631.375 1.435 1.76 1.932 1.994.084 1.844-3.704 5.501-6.739 9.785-6.771.367-.044.735-.068 1.101-.073z\"\/><defs><linearGradient id=\"paint0_linear_549_34\" x1=\"37.0692\" y1=\"0\" x2=\"37.0692\" y2=\"79\" gradientUnits=\"userSpaceOnUse\"><stop stop-color=\"#6364FF\"\/><stop offset=\"1\" stop-color=\"#563ACC\"\/><\/linearGradient><\/defs><\/svg><\/span><span class=\"shariff-text\">share<\/span>&nbsp;<\/a><\/li><li class=\"shariff-button facebook shariff-nocustomcolor\" style=\"background-color:#4273c8\"><a href=\"https:\/\/www.facebook.com\/sharer\/sharer.php?u=https%3A%2F%2Fwww.bcc-ffm.de%2Fen%2Fcompetencies%2Fdriving-sustainability%2F\" title=\"Share on Facebook\" aria-label=\"Share on Facebook\" role=\"button\" rel=\"nofollow\" class=\"shariff-link\" style=\"; background-color:#3b5998; color:#fff\" target=\"_blank\"><span class=\"shariff-icon\" style=\"\"><svg width=\"32px\" height=\"20px\" xmlns=\"http:\/\/www.w3.org\/2000\/svg\" viewBox=\"0 0 18 32\"><path fill=\"#3b5998\" d=\"M17.1 0.2v4.7h-2.8q-1.5 0-2.1 0.6t-0.5 1.9v3.4h5.2l-0.7 5.3h-4.5v13.6h-5.5v-13.6h-4.5v-5.3h4.5v-3.9q0-3.3 1.9-5.2t5-1.8q2.6 0 4.1 0.2z\"\/><\/svg><\/span><span class=\"shariff-text\">share<\/span>&nbsp;<\/a><\/li><li class=\"shariff-button linkedin shariff-nocustomcolor\" style=\"background-color:#1488bf\"><a href=\"https:\/\/www.linkedin.com\/sharing\/share-offsite\/?url=https%3A%2F%2Fwww.bcc-ffm.de%2Fen%2Fcompetencies%2Fdriving-sustainability%2F\" title=\"Share on LinkedIn\" aria-label=\"Share on LinkedIn\" role=\"button\" rel=\"noopener nofollow\" class=\"shariff-link\" style=\"; background-color:#0077b5; color:#fff\" target=\"_blank\"><span class=\"shariff-icon\" style=\"\"><svg width=\"32px\" height=\"20px\" xmlns=\"http:\/\/www.w3.org\/2000\/svg\" viewBox=\"0 0 27 32\"><path fill=\"#0077b5\" d=\"M6.2 11.2v17.7h-5.9v-17.7h5.9zM6.6 5.7q0 1.3-0.9 2.2t-2.4 0.9h0q-1.5 0-2.4-0.9t-0.9-2.2 0.9-2.2 2.4-0.9 2.4 0.9 0.9 2.2zM27.4 18.7v10.1h-5.9v-9.5q0-1.9-0.7-2.9t-2.3-1.1q-1.1 0-1.9 0.6t-1.2 1.5q-0.2 0.5-0.2 1.4v9.9h-5.9q0-7.1 0-11.6t0-5.3l0-0.9h5.9v2.6h0q0.4-0.6 0.7-1t1-0.9 1.6-0.8 2-0.3q3 0 4.9 2t1.9 6z\"\/><\/svg><\/span><span class=\"shariff-text\">share<\/span>&nbsp;<\/a><\/li><li class=\"shariff-button info shariff-nocustomcolor\" style=\"background-color:#eee\"><a href=\"http:\/\/ct.de\/-2467514\" title=\"More information\" aria-label=\"More information\" role=\"button\" rel=\"noopener \" class=\"shariff-link\" style=\"; background-color:#fff; color:#fff\" target=\"_blank\"><span class=\"shariff-icon\" style=\"\"><svg width=\"32px\" height=\"20px\" xmlns=\"http:\/\/www.w3.org\/2000\/svg\" viewBox=\"0 0 11 32\"><path fill=\"#999\" d=\"M11.4 24v2.3q0 0.5-0.3 0.8t-0.8 0.4h-9.1q-0.5 0-0.8-0.4t-0.4-0.8v-2.3q0-0.5 0.4-0.8t0.8-0.4h1.1v-6.8h-1.1q-0.5 0-0.8-0.4t-0.4-0.8v-2.3q0-0.5 0.4-0.8t0.8-0.4h6.8q0.5 0 0.8 0.4t0.4 0.8v10.3h1.1q0.5 0 0.8 0.4t0.3 0.8zM9.2 3.4v3.4q0 0.5-0.4 0.8t-0.8 0.4h-4.6q-0.4 0-0.8-0.4t-0.4-0.8v-3.4q0-0.4 0.4-0.8t0.8-0.4h4.6q0.5 0 0.8 0.4t0.4 0.8z\"\/><\/svg><\/span><\/a><\/li><\/ul><\/div>","protected":false},"excerpt":{"rendered":"Driving sustainability FIGURES CHANGE. VALUES REMAIN. \u201cSustainability\u201d is one of those words that you would like to take and give a good dusting off. The inflationary use of this term, which is actually so valuable, turns it into a label now even applied to plastic devices. At BCC we focus on its valuable core: that...","protected":false},"author":1,"featured_media":0,"parent":1944,"menu_order":23,"comment_status":"closed","ping_status":"closed","template":"","meta":{"footnotes":""},"class_list":["post-3241","page","type-page","status-publish","hentry"],"yoast_head":"<!-- This site is optimized with the Yoast SEO plugin v27.4 - https:\/\/yoast.com\/product\/yoast-seo-wordpress\/ -->\n<title>Driving sustainability - Kommmunikationsberatung aus Frankfurt<\/title>\n<meta name=\"robots\" content=\"index, follow, max-snippet:-1, max-image-preview:large, max-video-preview:-1\" \/>\n<link rel=\"canonical\" href=\"https:\/\/www.bcc-ffm.de\/en\/competencies\/driving-sustainability\/\" \/>\n<meta property=\"og:locale\" content=\"en_US\" \/>\n<meta property=\"og:type\" content=\"article\" \/>\n<meta property=\"og:title\" content=\"Driving sustainability - Kommmunikationsberatung aus Frankfurt\" \/>\n<meta property=\"og:url\" content=\"https:\/\/www.bcc-ffm.de\/en\/competencies\/driving-sustainability\/\" \/>\n<meta property=\"og:site_name\" content=\"Kommmunikationsberatung aus Frankfurt\" \/>\n<meta property=\"article:modified_time\" content=\"2021-09-21T13:19:18+00:00\" \/>\n<meta name=\"twitter:card\" content=\"summary_large_image\" \/>\n<meta name=\"twitter:label1\" content=\"Est. reading time\" \/>\n\t<meta name=\"twitter:data1\" content=\"4 minutes\" \/>\n<script type=\"application\/ld+json\" class=\"yoast-schema-graph\">{\"@context\":\"https:\\\/\\\/schema.org\",\"@graph\":[{\"@type\":\"WebPage\",\"@id\":\"https:\\\/\\\/www.bcc-ffm.de\\\/en\\\/competencies\\\/driving-sustainability\\\/\",\"url\":\"https:\\\/\\\/www.bcc-ffm.de\\\/en\\\/competencies\\\/driving-sustainability\\\/\",\"name\":\"Driving sustainability - Kommmunikationsberatung aus Frankfurt\",\"isPartOf\":{\"@id\":\"https:\\\/\\\/www.bcc-ffm.de\\\/#website\"},\"datePublished\":\"2021-09-21T09:08:56+00:00\",\"dateModified\":\"2021-09-21T13:19:18+00:00\",\"breadcrumb\":{\"@id\":\"https:\\\/\\\/www.bcc-ffm.de\\\/en\\\/competencies\\\/driving-sustainability\\\/#breadcrumb\"},\"inLanguage\":\"en-US\",\"potentialAction\":[{\"@type\":\"ReadAction\",\"target\":[\"https:\\\/\\\/www.bcc-ffm.de\\\/en\\\/competencies\\\/driving-sustainability\\\/\"]}]},{\"@type\":\"BreadcrumbList\",\"@id\":\"https:\\\/\\\/www.bcc-ffm.de\\\/en\\\/competencies\\\/driving-sustainability\\\/#breadcrumb\",\"itemListElement\":[{\"@type\":\"ListItem\",\"position\":1,\"name\":\"Startseite\",\"item\":\"https:\\\/\\\/www.bcc-ffm.de\\\/en\\\/\"},{\"@type\":\"ListItem\",\"position\":2,\"name\":\"Competencies\",\"item\":\"https:\\\/\\\/www.bcc-ffm.de\\\/en\\\/competencies\\\/\"},{\"@type\":\"ListItem\",\"position\":3,\"name\":\"Driving sustainability\"}]},{\"@type\":\"WebSite\",\"@id\":\"https:\\\/\\\/www.bcc-ffm.de\\\/#website\",\"url\":\"https:\\\/\\\/www.bcc-ffm.de\\\/\",\"name\":\"Kommmunikationsberatung aus Frankfurt\",\"description\":\"BCC Business Communications Consulting GmbH\",\"publisher\":{\"@id\":\"https:\\\/\\\/www.bcc-ffm.de\\\/#organization\"},\"potentialAction\":[{\"@type\":\"SearchAction\",\"target\":{\"@type\":\"EntryPoint\",\"urlTemplate\":\"https:\\\/\\\/www.bcc-ffm.de\\\/?s={search_term_string}\"},\"query-input\":{\"@type\":\"PropertyValueSpecification\",\"valueRequired\":true,\"valueName\":\"search_term_string\"}}],\"inLanguage\":\"en-US\"},{\"@type\":\"Organization\",\"@id\":\"https:\\\/\\\/www.bcc-ffm.de\\\/#organization\",\"name\":\"BCC Business Communications Consulting GmbH\",\"url\":\"https:\\\/\\\/www.bcc-ffm.de\\\/\",\"logo\":{\"@type\":\"ImageObject\",\"inLanguage\":\"en-US\",\"@id\":\"https:\\\/\\\/www.bcc-ffm.de\\\/#\\\/schema\\\/logo\\\/image\\\/\",\"url\":\"https:\\\/\\\/www.bcc-ffm.de\\\/wp-content\\\/uploads\\\/2018\\\/01\\\/bcc-logo-cmyk-ohneclaim.jpg\",\"contentUrl\":\"https:\\\/\\\/www.bcc-ffm.de\\\/wp-content\\\/uploads\\\/2018\\\/01\\\/bcc-logo-cmyk-ohneclaim.jpg\",\"width\":3243,\"height\":1282,\"caption\":\"BCC Business Communications Consulting GmbH\"},\"image\":{\"@id\":\"https:\\\/\\\/www.bcc-ffm.de\\\/#\\\/schema\\\/logo\\\/image\\\/\"}}]}<\/script>\n<!-- \/ Yoast SEO plugin. -->","yoast_head_json":{"title":"Driving sustainability - Kommmunikationsberatung aus Frankfurt","robots":{"index":"index","follow":"follow","max-snippet":"max-snippet:-1","max-image-preview":"max-image-preview:large","max-video-preview":"max-video-preview:-1"},"canonical":"https:\/\/www.bcc-ffm.de\/en\/competencies\/driving-sustainability\/","og_locale":"en_US","og_type":"article","og_title":"Driving sustainability - Kommmunikationsberatung aus Frankfurt","og_url":"https:\/\/www.bcc-ffm.de\/en\/competencies\/driving-sustainability\/","og_site_name":"Kommmunikationsberatung aus Frankfurt","article_modified_time":"2021-09-21T13:19:18+00:00","twitter_card":"summary_large_image","twitter_misc":{"Est. reading time":"4 minutes"},"schema":{"@context":"https:\/\/schema.org","@graph":[{"@type":"WebPage","@id":"https:\/\/www.bcc-ffm.de\/en\/competencies\/driving-sustainability\/","url":"https:\/\/www.bcc-ffm.de\/en\/competencies\/driving-sustainability\/","name":"Driving sustainability - Kommmunikationsberatung aus Frankfurt","isPartOf":{"@id":"https:\/\/www.bcc-ffm.de\/#website"},"datePublished":"2021-09-21T09:08:56+00:00","dateModified":"2021-09-21T13:19:18+00:00","breadcrumb":{"@id":"https:\/\/www.bcc-ffm.de\/en\/competencies\/driving-sustainability\/#breadcrumb"},"inLanguage":"en-US","potentialAction":[{"@type":"ReadAction","target":["https:\/\/www.bcc-ffm.de\/en\/competencies\/driving-sustainability\/"]}]},{"@type":"BreadcrumbList","@id":"https:\/\/www.bcc-ffm.de\/en\/competencies\/driving-sustainability\/#breadcrumb","itemListElement":[{"@type":"ListItem","position":1,"name":"Startseite","item":"https:\/\/www.bcc-ffm.de\/en\/"},{"@type":"ListItem","position":2,"name":"Competencies","item":"https:\/\/www.bcc-ffm.de\/en\/competencies\/"},{"@type":"ListItem","position":3,"name":"Driving sustainability"}]},{"@type":"WebSite","@id":"https:\/\/www.bcc-ffm.de\/#website","url":"https:\/\/www.bcc-ffm.de\/","name":"Kommmunikationsberatung aus Frankfurt","description":"BCC Business Communications Consulting GmbH","publisher":{"@id":"https:\/\/www.bcc-ffm.de\/#organization"},"potentialAction":[{"@type":"SearchAction","target":{"@type":"EntryPoint","urlTemplate":"https:\/\/www.bcc-ffm.de\/?s={search_term_string}"},"query-input":{"@type":"PropertyValueSpecification","valueRequired":true,"valueName":"search_term_string"}}],"inLanguage":"en-US"},{"@type":"Organization","@id":"https:\/\/www.bcc-ffm.de\/#organization","name":"BCC Business Communications Consulting GmbH","url":"https:\/\/www.bcc-ffm.de\/","logo":{"@type":"ImageObject","inLanguage":"en-US","@id":"https:\/\/www.bcc-ffm.de\/#\/schema\/logo\/image\/","url":"https:\/\/www.bcc-ffm.de\/wp-content\/uploads\/2018\/01\/bcc-logo-cmyk-ohneclaim.jpg","contentUrl":"https:\/\/www.bcc-ffm.de\/wp-content\/uploads\/2018\/01\/bcc-logo-cmyk-ohneclaim.jpg","width":3243,"height":1282,"caption":"BCC Business Communications Consulting GmbH"},"image":{"@id":"https:\/\/www.bcc-ffm.de\/#\/schema\/logo\/image\/"}}]}},"_links":{"self":[{"href":"https:\/\/www.bcc-ffm.de\/en\/wp-json\/wp\/v2\/pages\/3241","targetHints":{"allow":["GET"]}}],"collection":[{"href":"https:\/\/www.bcc-ffm.de\/en\/wp-json\/wp\/v2\/pages"}],"about":[{"href":"https:\/\/www.bcc-ffm.de\/en\/wp-json\/wp\/v2\/types\/page"}],"author":[{"embeddable":true,"href":"https:\/\/www.bcc-ffm.de\/en\/wp-json\/wp\/v2\/users\/1"}],"replies":[{"embeddable":true,"href":"https:\/\/www.bcc-ffm.de\/en\/wp-json\/wp\/v2\/comments?post=3241"}],"version-history":[{"count":10,"href":"https:\/\/www.bcc-ffm.de\/en\/wp-json\/wp\/v2\/pages\/3241\/revisions"}],"predecessor-version":[{"id":4827,"href":"https:\/\/www.bcc-ffm.de\/en\/wp-json\/wp\/v2\/pages\/3241\/revisions\/4827"}],"up":[{"embeddable":true,"href":"https:\/\/www.bcc-ffm.de\/en\/wp-json\/wp\/v2\/pages\/1944"}],"wp:attachment":[{"href":"https:\/\/www.bcc-ffm.de\/en\/wp-json\/wp\/v2\/media?parent=3241"}],"curies":[{"name":"wp","href":"https:\/\/api.w.org\/{rel}","templated":true}]}}